{"id":859,"date":"2017-03-01T09:25:30","date_gmt":"2017-03-01T08:25:30","guid":{"rendered":"http:\/\/grundschule-wohra.de\/info\/?page_id=859"},"modified":"2017-03-07T14:03:36","modified_gmt":"2017-03-07T13:03:36","slug":"unser-kinderwald","status":"publish","type":"page","link":"https:\/\/grundschule-wohra.de\/info\/wir-ueber-uns\/unser-kinderwald\/","title":{"rendered":"Unser Kinderwald"},"content":{"rendered":"<p>&#8222;Kinderwaldschule, ja das ist ne tolle Sache.<\/p>\n<p>Bei uns im Kinderwald kannst du was erleben.<\/p>\n<p>Kinderwaldschule, ja die ist so superklasse.<\/p>\n<p>Bei uns im Kinderwald bist du mit dabei, hei!&#8220;<\/p>\n<p>Die Kinderwaldschule ist jeden Freitag das Ziel f\u00fcr die Kinder der Wald-AG. Die Kinder wandern zu ihrem Lieblingslernort. Dort unter der gro\u00dfen Buche haben sie sich einen Versammlungsplatz geschaffen. Nach einem Fr\u00fchst\u00fcck lauschen alle gemeinsam der Waldmusik und stimmen mit ihrem Gesang und dem Rhythmus der selbstgeschnitzten Klangh\u00f6lzer.<\/p>\n<p>Mit gemeinsamen Spielen erleben und erfahren die Kinder ihren Wald immer wieder von neuem, von Woche zu Woche zeigt er ein ver\u00e4ndertes Gesicht und fordert sie auf zu neuen Entdeckungen. Die Kinder f\u00fchren einander blind durch den Wald und entdecken diesen Lebensraum mit allen Sinnen. Im Fr\u00fchling umarmen sie ihre Lieblingsb\u00e4ume und erlauschen deren Herzschlag. Im Winter begeben sie sich auf Spurensuche von Fuchs, Dachs, Hase und lernen dem Umgang mit dem Feuer.<\/p>\n<p>Neben den gemeinsamen Naturerfahrungsspielen bleibt auch immer genug Raum f\u00fcr die Waldfreizeit, d.h. die Kinder finden und gestalten in ihrem Kinderwald ihren eigenen Lieblingsplatz. Dabei lernen sie, sehr selbst\u00e4ndig und verantwortungsvoll mit der Natur umzugehen. In unterschiedlichen Gruppenzusammensetzungen ziehen sie durch ihren Kinderwald, zeigen bei der Abschlussversammlung stolz ihre gefundenen Sch\u00e4tze und berichten von ihren Beobachtungen und Entdeckungen.<\/p>\n<p>Nat\u00fcrlich sind auch G\u00e4ste jederzeit willkommen in der Kinderwald-Schule. Eltern, Gro\u00dfeltern und Geschwister sind bei Festen, z.B. Weihnachten im Kinderwald, dabei und an den Wochenenden wird der Kinderwaldschule oft privat ein Besuch abgestattet.<\/p>\n<p>Bereits seit 2004 gibt es die Kinderwaldschule in einem Waldgebiet oberhalb des Ortes Wohra. Als markiertes und festgelegtes Areal steht es unser Schule seitdem als Outdoor-Klassenraum und Ort f\u00fcr Festivit\u00e4ten zur Verf\u00fcgung.<\/p>\n<p>&nbsp;<\/p>\n<p>&nbsp;<\/p>\n<h4 class=\"widget-title\">Wir \u00fcber uns<\/h4>\n<div class=\"menu-wir-ueber-uns-container\">\n<ul id=\"menu-wir-ueber-uns\" class=\"menu\">\n<li id=\"menu-item-135\" class=\"menu-item menu-item-type-post_type menu-item-object-page current-page-ancestor current-page-parent menu-item-135\"><a href=\"https:\/\/grundschule-wohra.de\/info\/wir-ueber-uns\/\">Wir \u00fcber uns<\/a><\/li>\n<li id=\"menu-item-91\" class=\"menu-item menu-item-type-post_type menu-item-object-page menu-item-91\"><a href=\"https:\/\/grundschule-wohra.de\/info\/wir-ueber-uns\/das-team\/\">Das Team<\/a><\/li>\n<li id=\"menu-item-94\" class=\"menu-item menu-item-type-post_type menu-item-object-page menu-item-94\"><a href=\"https:\/\/grundschule-wohra.de\/info\/wir-ueber-uns\/gemeinsame-schulregeln\/\">Gemeinsame Schulregeln<\/a><\/li>\n<li id=\"menu-item-95\" class=\"menu-item menu-item-type-post_type menu-item-object-page menu-item-95\"><a href=\"https:\/\/grundschule-wohra.de\/info\/wir-ueber-uns\/soziales-lernen\/\">Soziales Lernen<\/a><\/li>\n<li id=\"menu-item-93\" class=\"menu-item menu-item-type-post_type menu-item-object-page current-menu-item page_item page-item-26 current_page_item menu-item-93\"><a href=\"https:\/\/grundschule-wohra.de\/info\/wir-ueber-uns\/flexibler-schulanfang\/\">Flexibler Schulanfang<\/a><\/li>\n<li id=\"menu-item-92\" class=\"menu-item menu-item-type-post_type menu-item-object-page menu-item-92\"><a href=\"https:\/\/grundschule-wohra.de\/info\/wir-ueber-uns\/der-wohraplan\/\">Der Wohraplan<\/a><\/li>\n<li id=\"menu-item-96\" class=\"menu-item menu-item-type-post_type menu-item-object-page menu-item-96\"><a href=\"https:\/\/grundschule-wohra.de\/info\/wir-ueber-uns\/unser-rhythmus\/\">Unser Rhythmus<\/a><\/li>\n<li class=\"menu-item menu-item-type-post_type menu-item-object-page menu-item-96\"><a href=\"https:\/\/grundschule-wohra.de\/info\/wir-ueber-uns\/unser-kinderwald\/\">Unser Kinderwald<\/a><\/li>\n<\/ul>\n<\/div>\n","protected":false},"excerpt":{"rendered":"<p>&#8222;Kinderwaldschule, ja das ist ne tolle Sache. Bei uns im Kinderwald kannst du was erleben. Kinderwaldschule, ja die ist so superklasse. Bei uns im Kinderwald bist du mit dabei, hei!&#8220; Die Kinderwaldschule ist jeden Freitag das Ziel f\u00fcr die Kinder der Wald-AG. Die Kinder wandern zu ihrem Lieblingslernort. Dort unter der gro\u00dfen Buche haben sie <a class=\"more-link\" href=\"https:\/\/grundschule-wohra.de\/info\/wir-ueber-uns\/unser-kinderwald\/\">weiterlesen&#8230;<\/a><\/p>\n","protected":false},"author":1,"featured_media":0,"parent":13,"menu_order":16,"comment_status":"closed","ping_status":"closed","template":"","meta":{"ngg_post_thumbnail":0},"_links":{"self":[{"href":"https:\/\/grundschule-wohra.de\/info\/wp-json\/wp\/v2\/pages\/859"}],"collection":[{"href":"https:\/\/grundschule-wohra.de\/info\/wp-json\/wp\/v2\/pages"}],"about":[{"href":"https:\/\/grundschule-wohra.de\/info\/wp-json\/wp\/v2\/types\/page"}],"author":[{"embeddable":true,"href":"https:\/\/grundschule-wohra.de\/info\/wp-json\/wp\/v2\/users\/1"}],"replies":[{"embeddable":true,"href":"https:\/\/grundschule-wohra.de\/info\/wp-json\/wp\/v2\/comments?post=859"}],"version-history":[{"count":3,"href":"https:\/\/grundschule-wohra.de\/info\/wp-json\/wp\/v2\/pages\/859\/revisions"}],"predecessor-version":[{"id":1870,"href":"https:\/\/grundschule-wohra.de\/info\/wp-json\/wp\/v2\/pages\/859\/revisions\/1870"}],"up":[{"embeddable":true,"href":"https:\/\/grundschule-wohra.de\/info\/wp-json\/wp\/v2\/pages\/13"}],"wp:attachment":[{"href":"https:\/\/grundschule-wohra.de\/info\/wp-json\/wp\/v2\/media?parent=859"}],"curies":[{"name":"wp","href":"https:\/\/api.w.org\/{rel}","templated":true}]}}