{"id":67,"date":"2017-02-04T13:39:02","date_gmt":"2017-02-04T12:39:02","guid":{"rendered":"http:\/\/grundschule-wohra.de\/info\/?page_id=67"},"modified":"2025-06-10T22:35:47","modified_gmt":"2025-06-10T20:35:47","slug":"impressum","status":"publish","type":"page","link":"https:\/\/grundschule-wohra.de\/info\/infos\/impressum\/","title":{"rendered":"Impressum"},"content":{"rendered":"<h2>Grundschule Wohra<\/h2>\n<h3>Halsdorfer Stra\u00dfe 3 &nbsp; &nbsp;<\/h3>\n<h3>35288 Wohra<\/h3>\n<p><strong>Verantwortlich f\u00fcr den Inhalt (soweit nicht anders genannt):<\/strong><\/p>\n<p>Ariane Michel (Schulleitung)<\/p>\n<p>Grundschule Wohra<\/p>\n<p>Halsdorfer Stra\u00dfe 3<\/p>\n<p>35288 Wohra<\/p>\n<p><strong>Telefon:<\/strong> 06453\/7461<\/p>\n<p><strong>Fax:<\/strong> 06453\/911706<\/p>\n<p><strong>Email:<\/strong> poststelle7472@schule.hessen.de<\/p>\n","protected":false},"excerpt":{"rendered":"<p>Grundschule Wohra Halsdorfer Stra\u00dfe 3 &nbsp; &nbsp; 35288 Wohra Verantwortlich f\u00fcr den Inhalt (soweit nicht anders genannt): Ariane Michel (Schulleitung) Grundschule Wohra Halsdorfer Stra\u00dfe 3 35288 Wohra Telefon: 06453\/7461 Fax: 06453\/911706 Email: poststelle7472@schule.hessen.de<\/p>\n","protected":false},"author":1,"featured_media":0,"parent":756,"menu_order":30,"comment_status":"closed","ping_status":"closed","template":"","meta":{"ngg_post_thumbnail":0},"_links":{"self":[{"href":"https:\/\/grundschule-wohra.de\/info\/wp-json\/wp\/v2\/pages\/67"}],"collection":[{"href":"https:\/\/grundschule-wohra.de\/info\/wp-json\/wp\/v2\/pages"}],"about":[{"href":"https:\/\/grundschule-wohra.de\/info\/wp-json\/wp\/v2\/types\/page"}],"author":[{"embeddable":true,"href":"https:\/\/grundschule-wohra.de\/info\/wp-json\/wp\/v2\/users\/1"}],"replies":[{"embeddable":true,"href":"https:\/\/grundschule-wohra.de\/info\/wp-json\/wp\/v2\/comments?post=67"}],"version-history":[{"count":8,"href":"https:\/\/grundschule-wohra.de\/info\/wp-json\/wp\/v2\/pages\/67\/revisions"}],"predecessor-version":[{"id":1866,"href":"https:\/\/grundschule-wohra.de\/info\/wp-json\/wp\/v2\/pages\/67\/revisions\/1866"}],"up":[{"embeddable":true,"href":"https:\/\/grundschule-wohra.de\/info\/wp-json\/wp\/v2\/pages\/756"}],"wp:attachment":[{"href":"https:\/\/grundschule-wohra.de\/info\/wp-json\/wp\/v2\/media?parent=67"}],"curies":[{"name":"wp","href":"https:\/\/api.w.org\/{rel}","templated":true}]}}