{"id":49,"date":"2017-02-04T13:32:13","date_gmt":"2017-02-04T12:32:13","guid":{"rendered":"http:\/\/grundschule-wohra.de\/info\/?page_id=49"},"modified":"2017-03-07T14:12:24","modified_gmt":"2017-03-07T13:12:24","slug":"unser-rhythmus","status":"publish","type":"page","link":"https:\/\/grundschule-wohra.de\/info\/wir-ueber-uns\/unser-rhythmus\/","title":{"rendered":"Unser Rhythmus"},"content":{"rendered":"<table>\n<tbody>\n<tr>\n<td style=\"text-align: center;\" width=\"102\"><strong>&nbsp;<\/strong><\/td>\n<td width=\"102\"><strong>Montag<\/strong><\/td>\n<td width=\"102\"><strong>Dienstag<\/strong><\/td>\n<td width=\"102\"><strong>Mittwoch<\/strong><\/td>\n<td width=\"102\"><strong>Donnerstag<\/strong><\/td>\n<td width=\"102\"><strong>Freitag<\/strong><\/td>\n<\/tr>\n<tr>\n<td width=\"102\"><strong>07.00 \u2013 08.30 Uhr<\/strong><\/td>\n<td width=\"102\">Betreuung<\/td>\n<td width=\"102\">Betreuung<\/td>\n<td width=\"102\">Betreuung<\/td>\n<td width=\"102\">Betreuung<\/td>\n<td width=\"102\">Betreuung<\/td>\n<\/tr>\n<tr>\n<td width=\"102\"><strong>07.45-08-30 Uhr<\/strong><\/td>\n<td width=\"102\">F\u00f6rdern<\/td>\n<td width=\"102\">F\u00f6rdern<\/td>\n<td width=\"102\">F\u00f6rdern<\/td>\n<td width=\"102\">F\u00f6rdern<\/td>\n<td width=\"102\">F\u00f6rdern<\/td>\n<\/tr>\n<tr>\n<td width=\"102\"><strong>08.15-08.30 Uhr<\/strong><\/td>\n<td width=\"102\">Ankommen (Gespr\u00e4che, Spielzeit auf Hof)<\/td>\n<td width=\"102\">Ankommen<\/td>\n<td width=\"102\">Ankommen<\/td>\n<td width=\"102\">Ankommen<\/td>\n<td width=\"102\">Ankommen<\/td>\n<\/tr>\n<tr>\n<td width=\"102\"><strong>08.30-10 Uhr<\/strong><\/p>\n<p><strong>1. Block<\/strong><\/td>\n<td width=\"102\">Unterricht<\/td>\n<td width=\"102\">Unterricht<\/td>\n<td width=\"102\">Unterricht<\/td>\n<td width=\"102\">Unterricht<\/td>\n<td width=\"102\">Unterricht<\/td>\n<\/tr>\n<tr>\n<td width=\"102\"><strong>10.00-10.30 Uhr <\/strong><\/td>\n<td width=\"102\">Fr\u00fchst\u00fcck, Pause<\/td>\n<td width=\"102\">Fr\u00fchst\u00fcck, Pause<\/td>\n<td width=\"102\">Fr\u00fchst\u00fcck, Pause<\/td>\n<td width=\"102\">Fr\u00fchst\u00fcck, Pause<\/td>\n<td width=\"102\">Fr\u00fchst\u00fcck, Pause<\/td>\n<\/tr>\n<tr>\n<td width=\"102\"><strong>10.30-12 Uhr<\/strong><\/p>\n<p><strong>2. Block<\/strong><\/td>\n<td width=\"102\">Unterricht<\/td>\n<td width=\"102\">Unterricht<\/td>\n<td width=\"102\">Unterricht<\/td>\n<td width=\"102\">Unterricht<\/td>\n<td width=\"102\">Unterricht<\/td>\n<\/tr>\n<tr>\n<td width=\"102\"><strong>12.00-12.20 Uhr<\/strong><\/td>\n<td width=\"102\">Pause\/Verabschiedung<\/p>\n<p>Jg. 1\/2<\/td>\n<td width=\"102\">Pause\/Verabschiedung<\/p>\n<p>Jg. 1\/2<\/td>\n<td width=\"102\">Pause\/Verabschiedung<\/p>\n<p>Jg. 1\/2<\/td>\n<td width=\"102\">Pause\/Verabschiedung<\/p>\n<p>Jg. 1\/2<\/td>\n<td width=\"102\">Pause\/Verabschiedung<\/p>\n<p>Jg. 1\/2<\/td>\n<\/tr>\n<tr>\n<td width=\"102\"><strong>12.20-13 Uhr<\/strong><\/td>\n<td width=\"102\">Unterricht 3\/4<\/td>\n<td width=\"102\">Unterricht 3\/4<\/td>\n<td width=\"102\">Unterricht 3\/4<\/td>\n<td width=\"102\">Unterricht 3\/4<\/td>\n<td width=\"102\">Unterricht alle<\/td>\n<\/tr>\n<tr>\n<td width=\"102\"><strong>13-13.25 Uhr<\/strong><\/td>\n<td width=\"102\">Verabschiedung (Dienste, Gespr\u00e4che, Spielzeit auf Hof)<\/td>\n<td width=\"102\">Verabschiedung<\/td>\n<td width=\"102\">Verabschiedung<\/td>\n<td width=\"102\">Verabschiedung<\/td>\n<td width=\"102\">Verabschiedung<\/td>\n<\/tr>\n<tr>\n<td width=\"102\"><strong>13-16.30 Uhr <\/strong><\/td>\n<td width=\"102\">Betreuung<\/p>\n<p>&nbsp;<\/td>\n<td width=\"102\">Betreuung<\/td>\n<td width=\"102\">Betreuung<\/td>\n<td width=\"102\">Betreuung<\/td>\n<td width=\"102\">Betreuung<\/td>\n<\/tr>\n<\/tbody>\n<\/table>\n<p>&nbsp;<\/p>\n<p style=\"text-align: center;\"><strong>Bitte beachten Sie, dass die Kinder sowohl vor als auch nach dem Unterricht die M\u00f6glichkeit haben sich in der Schule aufzuhalten.<\/strong><\/p>\n<p style=\"text-align: center;\"><strong>Diese Zeit beginnt morgens um 08.15 Uhr.<\/strong><\/p>\n<p style=\"text-align: center;\"><strong>F\u00fcr alle Kinder der Stammgruppen \u00bd : nach dem Unterricht finden die Dienste oder evtl. Gespr\u00e4che mit Lehrern statt, die Kinder haben die M\u00f6glichkeit bis 12.20 Uhr in der Schule\/auf dem Pausenhof zu verweilen.<\/strong><\/p>\n<p style=\"text-align: center;\"><strong>F\u00fcr alle Kinder der Stammgruppe \u00be: nach dem Unterricht finden die Dienste oder evtl. Gespr\u00e4che mit Lehrern statt, die Kinder haben die M\u00f6glichkeit bis 13.25 Uhr in der Schule\/auf dem Pausenhof zu verweilen.<\/strong><\/p>\n<p>&nbsp;<\/p>\n<p>&nbsp;<\/p>\n<h4 class=\"widget-title\">Wir \u00fcber uns<\/h4>\n<div class=\"menu-wir-ueber-uns-container\">\n<ul id=\"menu-wir-ueber-uns\" class=\"menu\">\n<li id=\"menu-item-135\" class=\"menu-item menu-item-type-post_type menu-item-object-page current-page-ancestor current-page-parent menu-item-135\"><a href=\"https:\/\/grundschule-wohra.de\/info\/wir-ueber-uns\/\">Wir \u00fcber uns<\/a><\/li>\n<li id=\"menu-item-91\" class=\"menu-item menu-item-type-post_type menu-item-object-page menu-item-91\"><a href=\"https:\/\/grundschule-wohra.de\/info\/wir-ueber-uns\/das-team\/\">Das Team<\/a><\/li>\n<li id=\"menu-item-94\" class=\"menu-item menu-item-type-post_type menu-item-object-page menu-item-94\"><a href=\"https:\/\/grundschule-wohra.de\/info\/wir-ueber-uns\/gemeinsame-schulregeln\/\">Gemeinsame Schulregeln<\/a><\/li>\n<li id=\"menu-item-95\" class=\"menu-item menu-item-type-post_type menu-item-object-page menu-item-95\"><a href=\"https:\/\/grundschule-wohra.de\/info\/wir-ueber-uns\/soziales-lernen\/\">Soziales Lernen<\/a><\/li>\n<li id=\"menu-item-93\" class=\"menu-item menu-item-type-post_type menu-item-object-page current-menu-item page_item page-item-26 current_page_item menu-item-93\"><a href=\"https:\/\/grundschule-wohra.de\/info\/wir-ueber-uns\/flexibler-schulanfang\/\">Flexibler Schulanfang<\/a><\/li>\n<li id=\"menu-item-92\" class=\"menu-item menu-item-type-post_type menu-item-object-page menu-item-92\"><a href=\"https:\/\/grundschule-wohra.de\/info\/wir-ueber-uns\/der-wohraplan\/\">Der Wohraplan<\/a><\/li>\n<li id=\"menu-item-96\" class=\"menu-item menu-item-type-post_type menu-item-object-page menu-item-96\"><a href=\"https:\/\/grundschule-wohra.de\/info\/wir-ueber-uns\/unser-rhythmus\/\">Unser Rhythmus<\/a><\/li>\n<li class=\"menu-item menu-item-type-post_type menu-item-object-page menu-item-96\"><a href=\"https:\/\/grundschule-wohra.de\/info\/wir-ueber-uns\/unser-kinderwald\/\">Unser Kinderwald<\/a><\/li>\n<\/ul>\n<\/div>\n","protected":false},"excerpt":{"rendered":"<p>&nbsp; Montag Dienstag Mittwoch Donnerstag Freitag 07.00 \u2013 08.30 Uhr Betreuung Betreuung Betreuung Betreuung Betreuung 07.45-08-30 Uhr F\u00f6rdern F\u00f6rdern F\u00f6rdern F\u00f6rdern F\u00f6rdern 08.15-08.30 Uhr Ankommen (Gespr\u00e4che, Spielzeit auf Hof) Ankommen Ankommen Ankommen Ankommen 08.30-10 Uhr 1. Block Unterricht Unterricht Unterricht Unterricht Unterricht 10.00-10.30 Uhr Fr\u00fchst\u00fcck, Pause Fr\u00fchst\u00fcck, Pause Fr\u00fchst\u00fcck, Pause Fr\u00fchst\u00fcck, Pause Fr\u00fchst\u00fcck, Pause 10.30-12 <a class=\"more-link\" href=\"https:\/\/grundschule-wohra.de\/info\/wir-ueber-uns\/unser-rhythmus\/\">weiterlesen&#8230;<\/a><\/p>\n","protected":false},"author":1,"featured_media":0,"parent":13,"menu_order":15,"comment_status":"closed","ping_status":"closed","template":"","meta":{"ngg_post_thumbnail":0},"_links":{"self":[{"href":"https:\/\/grundschule-wohra.de\/info\/wp-json\/wp\/v2\/pages\/49"}],"collection":[{"href":"https:\/\/grundschule-wohra.de\/info\/wp-json\/wp\/v2\/pages"}],"about":[{"href":"https:\/\/grundschule-wohra.de\/info\/wp-json\/wp\/v2\/types\/page"}],"author":[{"embeddable":true,"href":"https:\/\/grundschule-wohra.de\/info\/wp-json\/wp\/v2\/users\/1"}],"replies":[{"embeddable":true,"href":"https:\/\/grundschule-wohra.de\/info\/wp-json\/wp\/v2\/comments?post=49"}],"version-history":[{"count":8,"href":"https:\/\/grundschule-wohra.de\/info\/wp-json\/wp\/v2\/pages\/49\/revisions"}],"predecessor-version":[{"id":899,"href":"https:\/\/grundschule-wohra.de\/info\/wp-json\/wp\/v2\/pages\/49\/revisions\/899"}],"up":[{"embeddable":true,"href":"https:\/\/grundschule-wohra.de\/info\/wp-json\/wp\/v2\/pages\/13"}],"wp:attachment":[{"href":"https:\/\/grundschule-wohra.de\/info\/wp-json\/wp\/v2\/media?parent=49"}],"curies":[{"name":"wp","href":"https:\/\/api.w.org\/{rel}","templated":true}]}}