{"id":24,"date":"2017-02-04T13:18:57","date_gmt":"2017-02-04T12:18:57","guid":{"rendered":"http:\/\/grundschule-wohra.de\/info\/?page_id=24"},"modified":"2017-03-07T14:09:58","modified_gmt":"2017-03-07T13:09:58","slug":"soziales-lernen","status":"publish","type":"page","link":"https:\/\/grundschule-wohra.de\/info\/wir-ueber-uns\/soziales-lernen\/","title":{"rendered":"Soziales Lernen"},"content":{"rendered":"<h2>Ergebnisse des p\u00e4dagogischen Tages 2014<\/h2>\n<h3>Soziales Lernen \u2013<\/h3>\n<h3>unsere Regeln und Rituale<\/h3>\n<p><strong>Belohnungssysteme<\/strong><\/p>\n<p>1. Jede Gruppe hat ein Belohnungssystem, indem es sowohl eine Einzel- als auch Gruppenbewertung gibt.<\/p>\n<p>2. Die Gruppenbewertung wird ausschlie\u00dflich von der Lehrkraft gemacht.<\/p>\n<p>3. Die Einzelwertungen werden von allen Lehrkr\u00e4ften genutzt.<\/p>\n<p>4. Jeder kennt jedes System und nutzt es auch als Fachlehrkraft.<\/p>\n<p><strong>Feuerwehr<\/strong><\/p>\n<p>1. Wir richten nach Bedarf Stunden f\u00fcr eine \u201eFeuerwehr\u201c ein.<\/p>\n<p>2. Diese hat folgende Funktionen: Streitschlichter, Doppelbesetzung in anspruchsvollen Gruppen bzw. Unterrichtssituationen<\/p>\n<p>&nbsp;<\/p>\n<p><strong>Kollegiale Absprachen<\/strong><\/p>\n<p><strong>Fu\u00dfball<\/strong><\/p>\n<p>&#8211; Fu\u00dfball wird in der ersten gro\u00dfen Pause gespielt<\/p>\n<p>&#8211; Aufsicht tr\u00e4gt eine Lehrkraft<\/p>\n<p>&#8211; im Flur wird kein Fu\u00dfball gespielt<\/p>\n<p><strong>Hausaufgaben<\/strong><\/p>\n<p>&#8211; Hausaufgaben werden in der Klasse gew\u00fcrdigt durch Vorstellen im Kreis oder Abstempeln\/Unterzeichnen<\/p>\n<p><strong>Pausen<\/strong><\/p>\n<p>Die Sausepause auf dem Hof findet nur mit Stra\u00dfenschuhen statt. Zur Pause im Turnraum gen\u00fcgen Hausschuhe\/Schl\u00e4ppchen. Diese Pause wird von Lehrkr\u00e4ften begleitet. Sollte dies nicht m\u00f6glich sein, findet die Sausepause in der Klasse statt.<\/p>\n<p>Das Fr\u00fchst\u00fcck findet nur in der Klasse w\u00e4hrend der Fr\u00fchst\u00fcckszeit statt.<\/p>\n<p>Wer einen Ball mit raus nimmt, bringt ihn auch wieder rein.<\/p>\n<p>Am gesamten Schulvormittag wird kein Fahrrad oder Roller gefahren.<\/p>\n<p><strong>Klassensprecher\/Klassenrat<\/strong><\/p>\n<p>In den ersten beiden Klassen gibt es keine Klassensprecher.<\/p>\n<p>In den Stammgruppen \u00be gibt es diese, jedoch erst nach Heranf\u00fchrung an deren Funktion und F\u00f6rderung der entsprechenden Kompetenzen.<\/p>\n<p>In jeder Stammgruppe \u00be gibt es einen Klassenrat. Dieser ber\u00e4t nach demokratischen Prinzipien w\u00f6chentlich \u00fcber Belange der Klasse.<\/p>\n<p><strong>Konsequenzen<\/strong><\/p>\n<p>Konsequenzen bei Fehlverhalten werden so weit m\u00f6glich untereinander abgesprochen und \u00e4hnlich gehandhabt.<\/p>\n<p>Dies soll eine Berechenbarkeit erm\u00f6glichen. Einen Konsequenzenkatalog gibt es nicht, da von Situation zu Situation dar\u00fcber entschieden werden muss.<\/p>\n<p>&nbsp;<\/p>\n<p>&nbsp;<\/p>\n<p>&nbsp;<\/p>\n<h4 class=\"widget-title\">Wir \u00fcber uns<\/h4>\n<div class=\"menu-wir-ueber-uns-container\">\n<ul id=\"menu-wir-ueber-uns\" class=\"menu\">\n<li id=\"menu-item-135\" class=\"menu-item menu-item-type-post_type menu-item-object-page current-page-ancestor current-page-parent menu-item-135\"><a href=\"https:\/\/grundschule-wohra.de\/info\/wir-ueber-uns\/\">Wir \u00fcber uns<\/a><\/li>\n<li id=\"menu-item-91\" class=\"menu-item menu-item-type-post_type menu-item-object-page menu-item-91\"><a href=\"https:\/\/grundschule-wohra.de\/info\/wir-ueber-uns\/das-team\/\">Das Team<\/a><\/li>\n<li id=\"menu-item-94\" class=\"menu-item menu-item-type-post_type menu-item-object-page menu-item-94\"><a href=\"https:\/\/grundschule-wohra.de\/info\/wir-ueber-uns\/gemeinsame-schulregeln\/\">Gemeinsame Schulregeln<\/a><\/li>\n<li id=\"menu-item-95\" class=\"menu-item menu-item-type-post_type menu-item-object-page menu-item-95\"><a href=\"https:\/\/grundschule-wohra.de\/info\/wir-ueber-uns\/soziales-lernen\/\">Soziales Lernen<\/a><\/li>\n<li id=\"menu-item-93\" class=\"menu-item menu-item-type-post_type menu-item-object-page current-menu-item page_item page-item-26 current_page_item menu-item-93\"><a href=\"https:\/\/grundschule-wohra.de\/info\/wir-ueber-uns\/flexibler-schulanfang\/\">Flexibler Schulanfang<\/a><\/li>\n<li id=\"menu-item-92\" class=\"menu-item menu-item-type-post_type menu-item-object-page menu-item-92\"><a href=\"https:\/\/grundschule-wohra.de\/info\/wir-ueber-uns\/der-wohraplan\/\">Der Wohraplan<\/a><\/li>\n<li id=\"menu-item-96\" class=\"menu-item menu-item-type-post_type menu-item-object-page menu-item-96\"><a href=\"https:\/\/grundschule-wohra.de\/info\/wir-ueber-uns\/unser-rhythmus\/\">Unser Rhythmus<\/a><\/li>\n<li class=\"menu-item menu-item-type-post_type menu-item-object-page menu-item-96\"><a href=\"https:\/\/grundschule-wohra.de\/info\/wir-ueber-uns\/unser-kinderwald\/\">Unser Kinderwald<\/a><\/li>\n<\/ul>\n<\/div>\n","protected":false},"excerpt":{"rendered":"<p>Ergebnisse des p\u00e4dagogischen Tages 2014 Soziales Lernen \u2013 unsere Regeln und Rituale Belohnungssysteme 1. Jede Gruppe hat ein Belohnungssystem, indem es sowohl eine Einzel- als auch Gruppenbewertung gibt. 2. Die Gruppenbewertung wird ausschlie\u00dflich von der Lehrkraft gemacht. 3. Die Einzelwertungen werden von allen Lehrkr\u00e4ften genutzt. 4. Jeder kennt jedes System und nutzt es auch als <a class=\"more-link\" href=\"https:\/\/grundschule-wohra.de\/info\/wir-ueber-uns\/soziales-lernen\/\">weiterlesen&#8230;<\/a><\/p>\n","protected":false},"author":1,"featured_media":0,"parent":13,"menu_order":12,"comment_status":"closed","ping_status":"closed","template":"","meta":{"ngg_post_thumbnail":0},"_links":{"self":[{"href":"https:\/\/grundschule-wohra.de\/info\/wp-json\/wp\/v2\/pages\/24"}],"collection":[{"href":"https:\/\/grundschule-wohra.de\/info\/wp-json\/wp\/v2\/pages"}],"about":[{"href":"https:\/\/grundschule-wohra.de\/info\/wp-json\/wp\/v2\/types\/page"}],"author":[{"embeddable":true,"href":"https:\/\/grundschule-wohra.de\/info\/wp-json\/wp\/v2\/users\/1"}],"replies":[{"embeddable":true,"href":"https:\/\/grundschule-wohra.de\/info\/wp-json\/wp\/v2\/comments?post=24"}],"version-history":[{"count":8,"href":"https:\/\/grundschule-wohra.de\/info\/wp-json\/wp\/v2\/pages\/24\/revisions"}],"predecessor-version":[{"id":1598,"href":"https:\/\/grundschule-wohra.de\/info\/wp-json\/wp\/v2\/pages\/24\/revisions\/1598"}],"up":[{"embeddable":true,"href":"https:\/\/grundschule-wohra.de\/info\/wp-json\/wp\/v2\/pages\/13"}],"wp:attachment":[{"href":"https:\/\/grundschule-wohra.de\/info\/wp-json\/wp\/v2\/media?parent=24"}],"curies":[{"name":"wp","href":"https:\/\/api.w.org\/{rel}","templated":true}]}}