{"id":11,"date":"2017-02-04T13:14:03","date_gmt":"2017-02-04T12:14:03","guid":{"rendered":"http:\/\/grundschule-wohra.de\/info\/?page_id=11"},"modified":"2026-01-18T17:32:25","modified_gmt":"2026-01-18T16:32:25","slug":"termine","status":"publish","type":"page","link":"https:\/\/grundschule-wohra.de\/info\/termine\/","title":{"rendered":"Termine"},"content":{"rendered":"\n<div class=\"wp-block-group\"><div class=\"wp-block-group__inner-container\">\n<figure class=\"wp-block-table is-style-regular\"><table><tbody><tr><td><strong> Datum<\/strong><\/td><td><strong>Thema <\/strong><\/td><td><strong> Inhalt<\/strong><\/td><td><\/td><\/tr><tr><td><strong><span class=\"has-inline-color has-vivid-red-color\">2026<\/span><\/strong><\/td><td><\/td><td><\/td><td><\/td><\/tr><tr><td>30. Januar<\/td><td>Halbjahreszeugnisse Klassen 3\/4<\/td><td>Unterricht f\u00fcr alle Sch\u00fclerinnen und Sch\u00fcler <br>von 7.45-10.15 Uhr<\/td><td><\/td><\/tr><tr><td>02. Februar<\/td><td>Beweglicher Ferientag<\/td><td>schulfrei<\/td><td><\/td><\/tr><tr><td>16. Februar<\/td><td>Beweglicher Ferientag Rosenmontag<\/td><td>schulfrei<\/td><td><\/td><\/tr><tr><td>15. Mai<\/td><td>Beweglicher Ferientag<\/td><td>schulfrei<\/td><td><\/td><\/tr><tr><td>05. Juni<\/td><td>Beweglicher Ferientag<\/td><td>schulfrei<\/td><td><\/td><\/tr><tr><td><\/td><td><\/td><td><\/td><td><\/td><\/tr><tr><td><span class=\"has-inline-color has-vivid-red-color\"><strong>2025<\/strong><\/span><br><\/td><td><\/td><td><\/td><td><\/td><\/tr><tr><td>20. Juni<\/td><td> Beweglicher Ferientag <\/td><td>schulfrei<\/td><td><\/td><\/tr><tr><td><strong>12. Juni<\/strong><\/td><td> <strong>Sommerfest<\/strong><\/td><td> <strong>14.30 &#8211; 17.00 Uhr<\/strong><\/td><td><\/td><\/tr><tr><td>30. Mai<\/td><td> Beweglicher Ferientag  <\/td><td>schulfrei<\/td><td><\/td><\/tr><tr><td>02. Mai<\/td><td> Beweglicher Ferientag  <\/td><td>schulfrei<\/td><td><\/td><\/tr><tr><td><strong>31. Januar<\/strong><\/td><td><strong>Halbjahreszeugnisse Klassen 3 \/ 4<\/strong><\/td><td>Unterricht von 07.45 &#8211; 10.15 Uhr<\/td><td><\/td><\/tr><tr><td><strong>13. Januar<\/strong><\/td><td><strong>1. Schultag nach den Weihnachtsferien<\/strong><\/td><td>Unterrichtsbeginn nach Plan<\/td><td><\/td><\/tr><tr><td><\/td><td><\/td><td><\/td><td><\/td><\/tr><tr><td><strong><span class=\"has-inline-color has-vivid-red-color\">2024<\/span><\/strong><br><\/td><td><\/td><td><\/td><td><\/td><\/tr><tr><td><strong>20. Dezember<\/strong><\/td><td><strong>Letzter Schultag vor den Weihnachtsferien<\/strong> <\/td><td> Unterrichtszeit<strong> <\/strong>07.45 &#8211; 10.15 Uhr (Schulkinder)  <\/td><td><\/td><\/tr><tr><td><strong>17. Dezember<\/strong><\/td><td> <strong>Weihnachten im Kinderwald<\/strong> <\/td><td><\/td><td><\/td><\/tr><tr><td><strong>11. Dezember<\/strong><\/td><td><strong>Elterninfoabend weiterf\u00fchrende Schulen, Klasse 4<\/strong><\/td><td>19.00 Uhr<\/td><td><\/td><\/tr><tr><td><strong>ab 2. Dezember<\/strong><\/td><td><strong>Weihnachtswerkstatt mit Eltern<\/strong><\/td><td>alle Klassen, s. \u00dcbersicht <\/td><td><\/td><\/tr><tr><td><strong>25. November<\/strong><\/td><td><strong>Schulelternbeiratssitzung<\/strong><\/td><td>18.00 Uhr<\/td><td><\/td><\/tr><tr><td><strong>28. Oktober<\/strong><\/td><td><strong>Unterrichtsbeginn nach den Herbstferien<\/strong><\/td><td>Unterricht nach Plan<\/td><td><\/td><\/tr><tr><td><strong>11. Oktober<\/strong><\/td><td><strong>Letzter Schultag vor den Herbstferien<\/strong><br><em><strong>&#8222;Herbstfr\u00fchst\u00fcck&#8220;<\/strong><\/em><\/td><td>Unterricht f\u00fcr alle Kinder von 07.45 &#8211; 10.15 Uhr<br>Ab 09.00 Uhr sind Eltern zu einem Herbstfr\u00fchst\u00fcck in der Schule willkommen.<\/td><td><\/td><\/tr><tr><td><strong>04. Oktober<\/strong><\/td><td><strong>Beweglicher Ferientag<\/strong><\/td><td>schulfrei<\/td><td><\/td><\/tr><tr><td><strong>03. September<\/strong><\/td><td><strong>Fotograf Bernd Turian <\/strong><\/td><td>Einzel- und Klassenfotos<\/td><td><\/td><\/tr><tr><td><strong>27. August <\/strong><\/td><td><strong>Schulaufnahmefeier f\u00fcr die neuen &#8222;Ersties&#8220;<\/strong><\/td><td>Eltern, Geschwisterkinder und Gro\u00dfeltern sind herzlich eingeladen<\/td><td><\/td><\/tr><tr><td><strong>10. &#8211; 12. Juni<\/strong><\/td><td><strong>Klassenfahrt Fr\u00f6sche und Krokodile<\/strong> <strong>3\/4<\/strong><\/td><td>Wiesbaden mit Christine Siebert, Oliver Heyer<\/td><td><\/td><\/tr><tr><td><strong>10. Mai<\/strong><\/td><td><strong>Beweglicher Ferientag<\/strong><\/td><td>schulfrei<\/td><td><\/td><\/tr><tr><td><strong>31. Mai<\/strong><\/td><td><strong>Beweglicher Ferientag<\/strong><\/td><td>schulfrei<\/td><td><\/td><\/tr><tr><td><\/td><td><\/td><td> <\/td><td><\/td><\/tr><tr><td><strong>22. M\u00e4rz<\/strong> <br>bis<br><strong>15. April<\/strong><\/td><td><strong>Fr\u00fchlingsfest<\/strong><br><strong><br>anschlie\u00dfend Osterferien<\/strong><\/td><td><strong>Schulbeginn: 07.45 Uhr &#8211; Schulende: 10.00 Uh<\/strong>r<br><br><strong>Fr\u00fchlingsfest mit Vorf\u00fchrungen  <br>08.30 &#8211; 10.00 Uhr<\/strong><br>Eltern, Geschwisterkinder, Gro\u00dfeltern sind herzlich eingeladen.<br>Die Kinder k\u00f6nnen im Anschluss mit nach Hause genommen werden. <br>Unterrichtsbeginn ist nach den Osterferien f\u00fcr alle Kinder am <strong>15. April um 08.30 Uhr.<\/strong><\/td><td><\/td><\/tr><tr><td><strong>18. + 19. M\u00e4rz<\/strong><\/td><td><strong>Hiphop Tanztage<\/strong><\/td><td>Das Team von der Dance Space The Movement aus Marburg besucht unsere Schule<\/td><td><\/td><\/tr><tr><td><strong>04. -08. Februar<\/strong><\/td><td><strong>Waldwoche der Otter, mit dem bsj Marburg<\/strong><\/td><td>Justus Hohlweg vom bsj Marburg und Cordula Letmade<\/td><td><\/td><\/tr><tr><td><strong>12. Februar<\/strong><\/td><td><strong>Rosenmontag &#8211; Rathauserst\u00fcrmung mit dem TSV Wohratal<\/strong><\/td><td>Alle Kinder d\u00fcrfen <strong>kost\u00fcmiert<\/strong> kommen. Gemeinsam mit den Lehrkr\u00e4ften wandern sie zum Rathaus, um es zu erst\u00fcrmen.<br><strong>Unterrichtszeit: 08.30 &#8211; 12.00 Uhr<\/strong><\/td><td><\/td><\/tr><tr><td><strong>12. &#8211; 16. <\/strong><br><strong>Februar<\/strong><\/td><td><strong>Elternsprechtage <\/strong><br><strong>Klassen 1-3<\/strong><\/td><td>Die Terminabsprachen treffen die Klassenlehrer\/innen.<\/td><td><\/td><\/tr><tr><td><strong>19. Februar<\/strong><\/td><td><strong>Schulzahn\u00e4rztlicher Dienst<\/strong><\/td><td>alle Klassen<\/td><td><\/td><\/tr><tr><td><strong>02. Februar<\/strong><\/td><td><strong>Zeugnisausgabe<\/strong><\/td><td>Unterricht von 07.45 &#8211; 10.00 Uhr<\/td><td><\/td><\/tr><tr><td><strong>15. Januar<\/strong><\/td><td><strong>Schulanfang nach den Weihnachtsferien<\/strong><\/td><td>08.30 Uhr f\u00fcr alle Kinder<\/td><td><\/td><\/tr><tr><td><br><br><br><br><br><strong><span class=\"has-inline-color has-vivid-red-color\">2023<\/span><\/strong><\/td><td><\/td><td><\/td><td><\/td><\/tr><tr><td><strong>22. Dezember<\/strong><\/td><td><strong>Letzter Schultag vor den Weihnachtsferien<\/strong><\/td><td>Unterrichtszeit<strong> <\/strong>07.45 &#8211; 10.15 Uhr (Schulkinder) <\/td><td><\/td><\/tr><tr><td><strong>19. Dezember<\/strong><\/td><td><strong>Waldweihnacht<\/strong><\/td><td><strong>Eltern und Kinder starten um 09.00 Uhr an der Schule und laufen zur Weihnachtsfeier in den Kinderwald  <\/strong><\/td><td><\/td><\/tr><tr><td><\/td><td><strong> <\/strong><\/td><td> <\/td><td><\/td><\/tr><tr><td> <strong>Dezember<\/strong><\/td><td><strong>Weihnachtswerkstatt<\/strong><\/td><td>Eltern besuchen in der Adventszeit die Schule und bieten Bastelaktionen und vieles mehr an&#8230;<\/td><td><\/td><\/tr><tr><td><\/td><td><\/td><td><\/td><td><\/td><\/tr><tr><td><strong>28. November<\/strong><\/td><td><strong>Informationsabend f\u00fcr die Eltern der Klassen 4<\/strong><\/td><td>Beginn: 19.00 Uhr, Klassenraum der Fr\u00f6sche<br>Informationen \u00fcber die weiterf\u00fchrenden Schulen<\/td><td><\/td><\/tr><tr><td><strong>14. November<\/strong><\/td><td><strong>Schulausflug ins Mathematikum<\/strong><\/td><td>Abfahrt mit dem Zug in Kirchhain 08.24 Uhr, R\u00fcckkehr um 13.30 Uhr ebenfalls Bahnhof Kirchhain<\/td><td><\/td><\/tr><tr><td><strong>11. November<\/strong><\/td><td><strong>Laternenumzug und -fest<\/strong><\/td><td>Beginn: 16.30 Uhr am Kindergarten &#8222;Die Arche&#8220; in Wohra<br>(freiwillige Teilnahme)<\/td><td><\/td><\/tr><tr><td><\/td><td><\/td><td><\/td><td><\/td><\/tr><tr><td><strong>21.-29. Oktober<\/strong><\/td><td><strong>Herbstferien<\/strong><\/td><td>Unterrichtsbeginn am 30.10. nach Stundenplan<\/td><td><\/td><\/tr><tr><td><strong>20. Oktober<\/strong><\/td><td><strong>Herbstfest<\/strong> <strong>&#8222;Ernte&#8220;<\/strong> <\/td><td><strong>Letzter Schultag<\/strong> vor den Herbstferien. Schulbeginn 7.45  Uhr, Schulende: 10.15 Uhr<br>Eltern und Verwandte sind eingeladen ab 09.15 Uhr die Unterrichts&#8220;ernte&#8220; der ersten Schulwochen zu besichtigen. Abschlie\u00dfend gibt es ein kurzes Programm mit Musik und Tanz. Frau Neurath und Herr Holzhausen werden verabschiedet.<\/td><td><\/td><\/tr><tr><td><strong>02.-03. Oktober<\/strong><\/td><td><strong>Beweglicher Ferientag + Tag der deutschen Einheit<\/strong><\/td><td>schulfrei (Br\u00fcckentag)<\/td><td><\/td><\/tr><tr><td><strong>12. September<\/strong><\/td><td><strong>Gesamt- und Schulkonferenz<\/strong><\/td><td>19.00 Uhr, betrifft: Elternbeir\u00e4te und Schulkonferenzmitglieder<\/td><td><\/td><\/tr><tr><td><strong>21. Juli<\/strong><\/td><td><strong>Sommerfest<\/strong><\/td><td><strong>09.00 &#8211; 10.00 Uhr<\/strong> auf dem Schulgel\u00e4nde<\/td><td><\/td><\/tr><tr><td><strong>17. Juli<\/strong><\/td><td><strong>P\u00e4dagogischer Tag<\/strong><\/td><td>schulfrei<\/td><td><\/td><\/tr><tr><td><strong>29. -30. Juni<\/strong><\/td><td><strong>Projekt &#8222;Erdmalereien&#8220;<\/strong><\/td><td>Bilder aus Erden der drei Ortsteile malen, begleitet von der K\u00fcnstlerin Gerlinde Vestweber<\/td><td><\/td><\/tr><tr><td><strong>09. Juni<\/strong><\/td><td><strong>Freitag nach Fronleichnam<\/strong><\/td><td>schulfrei<\/td><td><\/td><\/tr><tr><td><strong>19. Mai<\/strong><\/td><td><strong>Freitag nach Christi Himmelfahrt<\/strong><\/td><td>schulfrei<\/td><td><\/td><\/tr><tr><td><strong>03. &#8211; 22. April<\/strong><\/td><td><strong>Osterferien<\/strong><\/td><td>schulfrei<\/td><td><\/td><\/tr><tr><td><strong>31. M\u00e4rz<\/strong><\/td><td><strong>Letzter Schultag vor den Osterferien<\/strong><br><strong><br>Fr\u00fchlingsfest<\/strong><\/td><td><strong>Letzter Schultag 31. M\u00e4rz:<\/strong> Schulbeginn 07.45 Uhr &#8211; Schulende: 10.15 Uhr<br><strong>Fr\u00fchlingsfest in der Hofreite mit Vorf\u00fchrungen der Klassen und AGs:<br>08.30 &#8211; 10.00 Uhr<\/strong> Eltern, Geschwisterkinder, Gro\u00dfeltern und Schulanf\u00e4nger\/innen sind herzlich eingeladen. Die Kinder k\u00f6nnen im Anschluss mit nach Hause genommen werden.<\/td><td><\/td><\/tr><tr><td><strong>22. &#8211; 23. M\u00e4rz<\/strong><\/td><td><strong>HipHop Tanzprojekt<\/strong> <br><strong>f\u00fcr alle Sch\u00fcler\/innen<\/strong><\/td><td>Projekttage mit abschlie\u00dfender Auff\u00fchrung<\/td><td><\/td><\/tr><tr><td><strong>20. Februar<\/strong><\/td><td><strong>Rosenmontag<\/strong><\/td><td>schulfrei<\/td><td><\/td><\/tr><tr><td><strong>06. Februar<\/strong><\/td><td><strong>Beweglicher Ferientag<\/strong><\/td><td>schulfrei<\/td><td><\/td><\/tr><tr><td><strong>01.- 11. Februar<\/strong><\/td><td><strong>Elternsprechtage Klassen 1-3<\/strong><\/td><td>Terminvereinbarungen mit der Klassenlehrerin<\/td><td><\/td><\/tr><tr><td><strong>03. Februar<\/strong><\/td><td><strong>Ende des 1. Schulhalbjahrs<\/strong><\/td><td>Zeugnisse f\u00fcr die Klassen 3 und 4<\/td><td><\/td><\/tr><tr><td><strong>09. Januar<\/strong><\/td><td><strong>Schulanfang nach den Weihnachtsferien<\/strong><\/td><td>Unterricht nach Plan<\/td><td><\/td><\/tr><tr><td><br><strong>2023<\/strong><br><\/td><td><\/td><td><\/td><td><\/td><\/tr><tr><td><strong>21. Dezember<\/strong><\/td><td><strong>Letzter Schultag vor den Weihnachtsferien<\/strong><\/td><td> 07.45 &#8211; 10.15 Uhr (Schulkinder) ab 08.30 Uhr sind Eltern und Verwandte eingeladen: Weihnachtliche Vorf\u00fchrungen (Ort wird noch bekannt gegeben)<\/td><td><\/td><\/tr><tr><td><strong>15<\/strong>. <strong>Dezember<\/strong><\/td><td><strong>Schulzahn\u00e4rztin kommt<\/strong><\/td><td>8.30 &#8211; 10.00 Uhr, Reihenuntersuchung und Fluoridierung<\/td><td><\/td><\/tr><tr><td><strong>Dezember<\/strong><\/td><td><strong>Weihnachten im Kinderwald<\/strong><\/td><td><\/td><td><\/td><\/tr><tr><td><strong>Dezember<\/strong><\/td><td><strong>Weihnachtswerkstatt<\/strong><\/td><td>Bastelaktionen und mehr &#8211; gestaltet von den Eltern unserer Grundsch\u00fcler\/innen <\/td><td><\/td><\/tr><tr><td><strong>15. November<\/strong><\/td><td><strong>Schulkonferenz<\/strong><\/td><td>Beginn 19.00 Uhr, Konstitutierende Versammlung der Schulkonferenz, Themen: Schulwegeplan, Evaluation durch die Hessische Lehrkr\u00e4fteakademie<\/td><td><\/td><\/tr><tr><td><strong>11. November<\/strong><\/td><td><strong>Laternenfest<\/strong><\/td><td>Beginn 17.00 Uhr, Treffpunkt: Schulhof der Grundschule<\/td><td><\/td><\/tr><tr><td><strong>08. November<\/strong><\/td><td><strong>Elternbeiratsversammlung<\/strong><\/td><td>Beginn 18.30 Uhr, Wahl des Schulelternbeirats, Wahl der Mitglieder der Schulkonferenz<\/td><td><\/td><\/tr><tr><td><strong>03. November<\/strong><\/td><td><strong>\u00dcbergang in die weiterf\u00fchrende Schule, Elterninformationsveranstaltung<\/strong><\/td><td>Beginn 19.00 Uhr<\/td><td><\/td><\/tr><tr><td><strong>31. Oktober<\/strong><\/td><td><strong>Schulanfang nach den Herbstferien<\/strong><\/td><td>Unterricht nach Stundenplan<\/td><td><\/td><\/tr><tr><td><strong>21. Oktober<\/strong><\/td><td><strong>Herbstfest<br>Beginn der Herbstferien<\/strong><\/td><td> 07.45 &#8211; 10.15 Uhr (Schulkinder) ab 08.30 Uhr sind Eltern und Verwandte eingeladen die Kinder in den Klassen zu besuchen, zu hospitieren und Arbeitsergebnisse zu bewundern<\/td><td><\/td><\/tr><tr><td><strong>03. Oktober<\/strong><\/td><td><strong>schulfrei<\/strong><\/td><td>Tag der Deutschen Einheit<\/td><td><\/td><\/tr><tr><td><strong>27. &#8211; 29. September<\/strong><\/td><td><strong>Elternabende<\/strong><\/td><td>Alle Klassen<\/td><td><\/td><\/tr><tr><td><strong>09. September<\/strong><\/td><td><strong>Schulfotograf Bernd Turian kommt<\/strong><\/td><td>08.30 &#8211; 12.00 Uhr &#8211; Alle Kinder werden fotografiert. Die Erstkl\u00e4ssler:innen bringen bitte ihre Schult\u00fcten noch einmal mit.<\/td><td><\/td><\/tr><tr><td><strong>06. September<\/strong><\/td><td><strong>Einschulungsfeier<\/strong><\/td><td>10.00 &#8211; 12.00 Uhr &#8211; Gesamte Schulgemeinde, Ort: Schulgarten<br>Bei Regen findet die Veranstaltung in der Hofreite statt. <\/td><td><\/td><\/tr><tr><td><strong>05. September<\/strong><\/td><td><strong>Schulanfang nach den Sommerferien<\/strong><\/td><td>Unterricht von 08.30 &#8211; 12.00 Uhr<\/td><td><\/td><\/tr><tr><td><strong>22. Juli<\/strong><\/td><td><strong>Sommerfest, Schuljahresabschluss<\/strong><\/td><td>07.45 &#8211; 10.15 Uhr (Schulkinder) ab 08.30 Uhr sind Eltern und Verwandte eingeladen: Sommerfest Vorf\u00fchrungen,Verabschiedung der 4. Klasse <\/td><td><\/td><\/tr><tr><td><strong>Donnerstag, <\/strong><br><strong>07. Juli<\/strong><\/td><td><strong>Elternabend, Schulanf\u00e4nger\/innen 22\/23<\/strong><\/td><td>Informationen: Einschulungsfeier, Materialien, Unterricht, 19.00 &#8211; 20.30 Uhr<\/td><td><\/td><\/tr><tr><td><strong>Juli<\/strong><\/td><td><strong>Schulausflug nach Frankfurt<\/strong><\/td><td>Bus- und Zugfahrt nach Frankfurt in den Palmengarten<\/td><td><\/td><\/tr><tr><td><strong>Freitag, 17.06.<\/strong><\/td><td><strong>Beweglicher Ferientag<\/strong><\/td><td>Fronleichnam<\/td><td><\/td><\/tr><tr><td><strong>Donnerstag, <\/strong><br><strong>09. Juni<\/strong><\/td><td><strong>Besuch der Schulanf\u00e4nger\/innen in der Schule<\/strong><\/td><td>Hospitation in den FLEX-Klassen, von 09.15 &#8211; 10.30 Uhr<\/td><td><\/td><\/tr><tr><td><strong>Dienstag, 07. Juni<\/strong><\/td><td><strong>Schulspiel 2<\/strong><\/td><td>Schulanf\u00e4nger\/innen 2022\/23, 13.30 &#8211; 14.30 Uhr<\/td><td><\/td><\/tr><tr><td><strong>Freitag,<\/strong> <strong>27. Mai<\/strong><\/td><td><strong>Beweglicher Ferientag<\/strong><\/td><td>Christi Himmelfahrt<\/td><td><\/td><\/tr><tr><td><strong>Mai<\/strong><\/td><td><strong>Schulspiel 1<\/strong><\/td><td>Schulanf\u00e4nger\/innen 2023\/24<\/td><td><\/td><\/tr><tr><td><strong>Donnerstag, <br>19. Mai<\/strong><\/td><td><strong>Schulausflug<\/strong><\/td><td>Fahrt ins Schwimmbad nach Gem\u00fcnden (Klassen 1-4)<\/td><td><\/td><\/tr><tr><td><strong>Woche vom <br>02.-06.05.2022<\/strong><\/td><td><strong>Elternabende aller Klassen<\/strong><\/td><td>Unterrichtsvorhaben und Projekte bis zu den Sommerferien<br>Aktuelles aus der Schule<\/td><td><\/td><\/tr><tr><td><strong> 25.04.2022<\/strong><\/td><td><strong>Unterrichtsbeginn nach den Osterferien<\/strong><\/td><td>Schulbeginn: 08.30 Uhr<\/td><td><\/td><\/tr><tr><td><strong>07.04.2022<\/strong><\/td><td><strong>Beginn der Osterferien<\/strong><\/td><td>Schulbeginn: 07.45 Uhr &#8211; Schulende: 10.15 Uhr<br><strong>Fr\u00fchlingsfest mit Vorf\u00fchrungen der Klassen und AGs: <br>08.30 &#8211; 10.00 Uhr<\/strong><br>Eltern, Geschwisterkinder, Gro\u00dfeltern sind herzlich eingeladen.<br>Die Kinder k\u00f6nnen im Anschluss mit nach Hause genommen werden.<\/td><td><\/td><\/tr><tr><td><strong>01.04.2022<\/strong><\/td><td><strong>Spendenlauf f\u00fcr die Ukraine<\/strong><\/td><td><strong>Start: 16.30 Ende: 17.30 Uhr<\/strong> (Bitte 15 Minuten vor dem Start da sein.)<br>Dies ist eine Schulveranstaltung. Die Kinder freuen sich \u00fcber zahlreiche Publikumsg\u00e4ste!<\/td><td><\/td><\/tr><tr><td><strong>21. &#8211; 29.03.2022<\/strong><\/td><td><strong>Schulaufnahme <\/strong><\/td><td>Schulanf\u00e4nger\/innen 2023\/24<\/td><td><\/td><\/tr><tr><td><strong>16.03.2022<\/strong><\/td><td><strong>Gesamt- und Schulkonferenz<\/strong><\/td><td>18.30 &#8211; 19.30 Uhr, Online<\/td><td><\/td><\/tr><tr><td><strong>08.02.2022<\/strong><\/td><td><strong>P\u00e4dagogischer Tag<\/strong><\/td><td>Kompetenzorientierter Unterricht im jahrgangs\u00fcbergreifenden Setting (Kollegium)<br><strong>schulfrei<\/strong><\/td><td><\/td><\/tr><tr><td><strong>07.02.2022<\/strong><\/td><td><strong>Beweglicher Ferientag<\/strong> zum Ende des <br>1. Schulhalbjahrs<\/td><td><strong>schulfrei<\/strong><\/td><td><\/td><\/tr><tr><td><strong>04.02.2022<\/strong><\/td><td><strong>Halbjahreszeugnisse<\/strong><\/td><td><strong>nur f\u00fcr die Klassen 3 und 4<\/strong><br>3 Stunden Unterricht (7.45-10.00 Uhr)<\/td><td><\/td><\/tr><tr><td><strong>31.01. &#8211; 05.02.2022<\/strong><\/td><td><strong>Elternsprechtage<\/strong> <\/td><td><strong>Klassen 1, 2 und 3<\/strong><\/td><td><\/td><\/tr><tr><td><\/td><td><strong>Schulkonferenz<\/strong><\/td><td><\/td><td><\/td><\/tr><tr><td><strong>22.12.2021 &#8211; 09.01.2022<\/strong><\/td><td><strong>Weihnachtsferien<\/strong><\/td><td><strong>schulfrei<\/strong><\/td><td><\/td><\/tr><tr><td><strong>21.12.2021<\/strong><\/td><td><strong>Letzter Schultag vor den Weihnachtsferien<\/strong><br><\/td><td>Unterricht von 07.45 &#8211; 10.00 Uhr<\/td><td><\/td><\/tr><tr><td><strong>20.12.2021<\/strong><\/td><td><strong>Weihnachten im Kinderwald<\/strong><\/td><td>Auch hier sind Eltern und Gro\u00dfeltern herzlich willkommen.<\/td><td><\/td><\/tr><tr><td><strong>16.12.2021<\/strong><\/td><td><strong> Beweglicher Adventskalender<\/strong><\/td><td>Lieder, T\u00e4nze und Gedichte der Grundsch\u00fcler\/innen<br>Alle Interessierten sind herzlich eingeladen.<br>Da mehr als 100 Personen erwartet werden gilt die 2G Regel.<\/td><td><\/td><\/tr><\/tbody><\/table><figcaption>Aktualisiert am 07.03.2021<\/figcaption><\/figure>\n<\/div><\/div>\n\n\n\n<p><\/p>\n","protected":false},"excerpt":{"rendered":"<p>Datum Thema Inhalt 2026 30. Januar Halbjahreszeugnisse Klassen 3\/4 Unterricht f\u00fcr alle Sch\u00fclerinnen und Sch\u00fcler von 7.45-10.15 Uhr 02. Februar Beweglicher Ferientag schulfrei 16. Februar Beweglicher Ferientag Rosenmontag schulfrei 15. Mai Beweglicher Ferientag schulfrei 05. Juni Beweglicher Ferientag schulfrei 2025 20. Juni Beweglicher Ferientag schulfrei 12. Juni Sommerfest 14.30 &#8211; 17.00 Uhr 30. Mai Beweglicher <a class=\"more-link\" href=\"https:\/\/grundschule-wohra.de\/info\/termine\/\">weiterlesen&#8230;<\/a><\/p>\n","protected":false},"author":1,"featured_media":0,"parent":0,"menu_order":11,"comment_status":"closed","ping_status":"closed","template":"","meta":{"ngg_post_thumbnail":0},"_links":{"self":[{"href":"https:\/\/grundschule-wohra.de\/info\/wp-json\/wp\/v2\/pages\/11"}],"collection":[{"href":"https:\/\/grundschule-wohra.de\/info\/wp-json\/wp\/v2\/pages"}],"about":[{"href":"https:\/\/grundschule-wohra.de\/info\/wp-json\/wp\/v2\/types\/page"}],"author":[{"embeddable":true,"href":"https:\/\/grundschule-wohra.de\/info\/wp-json\/wp\/v2\/users\/1"}],"replies":[{"embeddable":true,"href":"https:\/\/grundschule-wohra.de\/info\/wp-json\/wp\/v2\/comments?post=11"}],"version-history":[{"count":117,"href":"https:\/\/grundschule-wohra.de\/info\/wp-json\/wp\/v2\/pages\/11\/revisions"}],"predecessor-version":[{"id":1869,"href":"https:\/\/grundschule-wohra.de\/info\/wp-json\/wp\/v2\/pages\/11\/revisions\/1869"}],"wp:attachment":[{"href":"https:\/\/grundschule-wohra.de\/info\/wp-json\/wp\/v2\/media?parent=11"}],"curies":[{"name":"wp","href":"https:\/\/api.w.org\/{rel}","templated":true}]}}